{"id":24490,"date":"2025-03-19T10:40:16","date_gmt":"2025-03-19T10:40:16","guid":{"rendered":"https:\/\/musagold.com\/?post_type=product&#038;p=24490"},"modified":"2025-11-25T13:05:23","modified_gmt":"2025-11-25T13:05:23","slug":"musa-gold-bundle-10x0-1oz-pre-mining-gold","status":"publish","type":"product","link":"https:\/\/www.musagold.com\/vi\/product\/musa-gold-bundle-10x0-1oz-pre-mining-gold\/","title":{"rendered":"G\u00f3i 10"},"content":{"rendered":"<p>With <strong>V\u00e0ng Musa<\/strong>, you get early access to gold at a discount. Before mining begins, lock in your gold at today\u2019s rate:<\/p>\n<p>1 GRR = 0.1 oz for just US$80<br \/>\n10 GRRs = 1 oz for US$700<\/p>\n<p>That\u2019s your <strong>gold secured<\/strong> in advance. Approximately after mining kicks off*, it\u2019ll be ready for delivery.<\/p>\n<p><em>*\u2060 \u2060Musa Gold will notify all affected Buyers of this Initial Production Date via the Buyer\u2019s back office on the Platform, once full payment is received<\/em><\/p>\n<p>When <strong>production<\/strong> begins, simply pay the balance, US$190 per GRR (US$1900 per ounce) and your gold will be delivered to you.<\/p>\n<p>You\u2019ll be notified of the <strong>Initial Production Date<\/strong> through your secure Buyer\u2019s back office on our platform.<\/p>\n<p>Cho \u0111\u1ebfn khi qu\u00e1 tr\u00ecnh khai th\u00e1c b\u1eaft \u0111\u1ea7u, kh\u00f4ng c\u1ea7n \u0111\u1ed5i th\u01b0\u1edfng, kh\u00f4ng ph\u00ed giao h\u00e0ng v\u00e0 kh\u00f4ng ph\u1ea3i thanh to\u00e1n s\u1ed1 d\u01b0, b\u1ea1n ch\u1ec9 c\u1ea7n y\u00ean t\u00e2m khi bi\u1ebft r\u1eb1ng v\u00e0ng c\u1ee7a m\u00ecnh \u0111ang ch\u1edd \u0111\u1ee3i.<\/p>","protected":false},"excerpt":{"rendered":"<p>1.0 ounce (oz) of 999.9 Gold equals 10 GRRs<\/p>\n<p><strong>Pay $700 Now<\/strong><\/p>\n<p>\u2022\u2060 \u2060Total Price $2,600<br \/>\n\u2022\u2060 \u2060Pay the Balance Price Later * $1,900<\/p>\n<p><em>*\u2060Musa Gold s\u1ebd th\u00f4ng b\u00e1o cho t\u1ea5t c\u1ea3 Ng\u01b0\u1eddi mua b\u1ecb \u1ea3nh h\u01b0\u1edfng v\u1ec1 Ng\u00e0y s\u1ea3n xu\u1ea5t ban \u0111\u1ea7u n\u00e0y th\u00f4ng qua v\u0103n ph\u00f2ng h\u1ed7 tr\u1ee3 c\u1ee7a Ng\u01b0\u1eddi mua tr\u00ean N\u1ec1n t\u1ea3ng, sau khi nh\u1eadn \u0111\u01b0\u1ee3c to\u00e0n b\u1ed9 kho\u1ea3n thanh to\u00e1n<\/em><\/p>","protected":false},"featured_media":25334,"template":"","meta":{"_acf_changed":false},"product_brand":[],"product_cat":[50],"product_tag":[],"class_list":{"0":"post-24490","1":"product","2":"type-product","3":"status-publish","4":"has-post-thumbnail","6":"product_cat-gold-bullions","8":"first","9":"instock","10":"sale","11":"virtual","12":"purchasable","13":"product-type-easy_product_bundle"},"acf":[],"yoast_head":"<!-- This site is optimized with the Yoast SEO plugin v25.4 - https:\/\/yoast.com\/wordpress\/plugins\/seo\/ -->\n<title>10 Pack - Musa Gold<\/title>\n<meta name=\"robots\" content=\"index, follow, max-snippet:-1, max-image-preview:large, max-video-preview:-1\" \/>\n<link rel=\"canonical\" href=\"https:\/\/www.musagold.com\/vi\/product\/musa-gold-bundle-10x0-1oz-pre-mining-gold\/\" \/>\n<meta property=\"og:locale\" content=\"vi_VN\" \/>\n<meta property=\"og:type\" content=\"article\" \/>\n<meta property=\"og:title\" content=\"10 Pack - Musa Gold\" \/>\n<meta property=\"og:description\" content=\"1.0 ounce (oz) of 999.9 Gold equals 10 GRRs  Pay $700 Now  \u2022\u2060 \u2060Total Price $2,600 \u2022\u2060 \u2060Pay the Balance Price Later * $1,900  *\u2060Musa Gold will notify all affected Buyers of this Initial Production Date via the Buyer\u2019s back office on the Platform, once full payment is received\" \/>\n<meta property=\"og:url\" content=\"https:\/\/www.musagold.com\/vi\/product\/musa-gold-bundle-10x0-1oz-pre-mining-gold\/\" \/>\n<meta property=\"og:site_name\" content=\"Musa Gold\" \/>\n<meta property=\"article:modified_time\" content=\"2025-11-25T13:05:23+00:00\" \/>\n<meta property=\"og:image\" content=\"https:\/\/www.musagold.com\/wp-content\/uploads\/2025\/03\/gold-bulk-9999.png\" \/>\n\t<meta property=\"og:image:width\" content=\"1000\" \/>\n\t<meta property=\"og:image:height\" content=\"1000\" \/>\n\t<meta property=\"og:image:type\" content=\"image\/png\" \/>\n<meta name=\"twitter:card\" content=\"summary_large_image\" \/>\n<meta name=\"twitter:label1\" content=\"\u01af\u1edbc t\u00ednh th\u1eddi gian \u0111\u1ecdc\" \/>\n\t<meta name=\"twitter:data1\" content=\"1 ph\u00fat\" \/>\n<script type=\"application\/ld+json\" class=\"yoast-schema-graph\">{\"@context\":\"https:\/\/schema.org\",\"@graph\":[{\"@type\":\"WebPage\",\"@id\":\"https:\/\/www.musagold.com\/product\/musa-gold-bundle-10x0-1oz-pre-mining-gold\/\",\"url\":\"https:\/\/www.musagold.com\/product\/musa-gold-bundle-10x0-1oz-pre-mining-gold\/\",\"name\":\"10 Pack - Musa Gold\",\"isPartOf\":{\"@id\":\"https:\/\/www.musagold.com\/#website\"},\"primaryImageOfPage\":{\"@id\":\"https:\/\/www.musagold.com\/product\/musa-gold-bundle-10x0-1oz-pre-mining-gold\/#primaryimage\"},\"image\":{\"@id\":\"https:\/\/www.musagold.com\/product\/musa-gold-bundle-10x0-1oz-pre-mining-gold\/#primaryimage\"},\"thumbnailUrl\":\"https:\/\/www.musagold.com\/wp-content\/uploads\/2025\/03\/gold-bulk-9999.png\",\"datePublished\":\"2025-03-19T10:40:16+00:00\",\"dateModified\":\"2025-11-25T13:05:23+00:00\",\"breadcrumb\":{\"@id\":\"https:\/\/www.musagold.com\/product\/musa-gold-bundle-10x0-1oz-pre-mining-gold\/#breadcrumb\"},\"inLanguage\":\"vi\",\"potentialAction\":[{\"@type\":\"ReadAction\",\"target\":[\"https:\/\/www.musagold.com\/product\/musa-gold-bundle-10x0-1oz-pre-mining-gold\/\"]}]},{\"@type\":\"ImageObject\",\"inLanguage\":\"vi\",\"@id\":\"https:\/\/www.musagold.com\/product\/musa-gold-bundle-10x0-1oz-pre-mining-gold\/#primaryimage\",\"url\":\"https:\/\/www.musagold.com\/wp-content\/uploads\/2025\/03\/gold-bulk-9999.png\",\"contentUrl\":\"https:\/\/www.musagold.com\/wp-content\/uploads\/2025\/03\/gold-bulk-9999.png\",\"width\":1000,\"height\":1000},{\"@type\":\"BreadcrumbList\",\"@id\":\"https:\/\/www.musagold.com\/product\/musa-gold-bundle-10x0-1oz-pre-mining-gold\/#breadcrumb\",\"itemListElement\":[{\"@type\":\"ListItem\",\"position\":1,\"name\":\"Home\",\"item\":\"https:\/\/www.musagold.com\/\"},{\"@type\":\"ListItem\",\"position\":2,\"name\":\"Buy Musa Gold bullion pre-mined\",\"item\":\"https:\/\/www.musagold.com\/buy-gold\/\"},{\"@type\":\"ListItem\",\"position\":3,\"name\":\"10 Pack\"}]},{\"@type\":\"WebSite\",\"@id\":\"https:\/\/www.musagold.com\/#website\",\"url\":\"https:\/\/www.musagold.com\/\",\"name\":\"Musa Gold\",\"description\":\"Mine Your Own Gold\",\"publisher\":{\"@id\":\"https:\/\/www.musagold.com\/#organization\"},\"potentialAction\":[{\"@type\":\"SearchAction\",\"target\":{\"@type\":\"EntryPoint\",\"urlTemplate\":\"https:\/\/www.musagold.com\/?s={search_term_string}\"},\"query-input\":{\"@type\":\"PropertyValueSpecification\",\"valueRequired\":true,\"valueName\":\"search_term_string\"}}],\"inLanguage\":\"vi\"},{\"@type\":\"Organization\",\"@id\":\"https:\/\/www.musagold.com\/#organization\",\"name\":\"Musa Gold\",\"url\":\"https:\/\/www.musagold.com\/\",\"logo\":{\"@type\":\"ImageObject\",\"inLanguage\":\"vi\",\"@id\":\"https:\/\/www.musagold.com\/#\/schema\/logo\/image\/\",\"url\":\"https:\/\/www.musagold.com\/wp-content\/uploads\/2025\/04\/MUSA-GOLD-LOGO-PNG_\u041c\u043e\u043d\u0442\u0430\u0436\u043d\u0430-\u043e\u0431\u043b\u0430\u0441\u0442\u044c-1-\u043a\u043e\u043f\u0456\u044f-36-e1743756768276.png\",\"contentUrl\":\"https:\/\/www.musagold.com\/wp-content\/uploads\/2025\/04\/MUSA-GOLD-LOGO-PNG_\u041c\u043e\u043d\u0442\u0430\u0436\u043d\u0430-\u043e\u0431\u043b\u0430\u0441\u0442\u044c-1-\u043a\u043e\u043f\u0456\u044f-36-e1743756768276.png\",\"width\":744,\"height\":682,\"caption\":\"Musa Gold\"},\"image\":{\"@id\":\"https:\/\/www.musagold.com\/#\/schema\/logo\/image\/\"},\"sameAs\":[\"https:\/\/www.youtube.com\/@Musa-Gold\",\"https:\/\/www.instagram.com\/musagoldcom\/\",\"https:\/\/www.linkedin.com\/company\/musagold\/\",\"https:\/\/t.me\/musagoldcom\"]}]}<\/script>\n<!-- \/ Yoast SEO plugin. -->","yoast_head_json":{"title":"10 Pack - Musa Gold","robots":{"index":"index","follow":"follow","max-snippet":"max-snippet:-1","max-image-preview":"max-image-preview:large","max-video-preview":"max-video-preview:-1"},"canonical":"https:\/\/www.musagold.com\/vi\/product\/musa-gold-bundle-10x0-1oz-pre-mining-gold\/","og_locale":"vi_VN","og_type":"article","og_title":"10 Pack - Musa Gold","og_description":"1.0 ounce (oz) of 999.9 Gold equals 10 GRRs  Pay $700 Now  \u2022\u2060 \u2060Total Price $2,600 \u2022\u2060 \u2060Pay the Balance Price Later * $1,900  *\u2060Musa Gold will notify all affected Buyers of this Initial Production Date via the Buyer\u2019s back office on the Platform, once full payment is received","og_url":"https:\/\/www.musagold.com\/vi\/product\/musa-gold-bundle-10x0-1oz-pre-mining-gold\/","og_site_name":"Musa Gold","article_modified_time":"2025-11-25T13:05:23+00:00","og_image":[{"width":1000,"height":1000,"url":"https:\/\/www.musagold.com\/wp-content\/uploads\/2025\/03\/gold-bulk-9999.png","type":"image\/png"}],"twitter_card":"summary_large_image","twitter_misc":{"\u01af\u1edbc t\u00ednh th\u1eddi gian \u0111\u1ecdc":"1 ph\u00fat"},"schema":{"@context":"https:\/\/schema.org","@graph":[{"@type":"WebPage","@id":"https:\/\/www.musagold.com\/product\/musa-gold-bundle-10x0-1oz-pre-mining-gold\/","url":"https:\/\/www.musagold.com\/product\/musa-gold-bundle-10x0-1oz-pre-mining-gold\/","name":"10 Pack - Musa Gold","isPartOf":{"@id":"https:\/\/www.musagold.com\/#website"},"primaryImageOfPage":{"@id":"https:\/\/www.musagold.com\/product\/musa-gold-bundle-10x0-1oz-pre-mining-gold\/#primaryimage"},"image":{"@id":"https:\/\/www.musagold.com\/product\/musa-gold-bundle-10x0-1oz-pre-mining-gold\/#primaryimage"},"thumbnailUrl":"https:\/\/www.musagold.com\/wp-content\/uploads\/2025\/03\/gold-bulk-9999.png","datePublished":"2025-03-19T10:40:16+00:00","dateModified":"2025-11-25T13:05:23+00:00","breadcrumb":{"@id":"https:\/\/www.musagold.com\/product\/musa-gold-bundle-10x0-1oz-pre-mining-gold\/#breadcrumb"},"inLanguage":"vi","potentialAction":[{"@type":"ReadAction","target":["https:\/\/www.musagold.com\/product\/musa-gold-bundle-10x0-1oz-pre-mining-gold\/"]}]},{"@type":"ImageObject","inLanguage":"vi","@id":"https:\/\/www.musagold.com\/product\/musa-gold-bundle-10x0-1oz-pre-mining-gold\/#primaryimage","url":"https:\/\/www.musagold.com\/wp-content\/uploads\/2025\/03\/gold-bulk-9999.png","contentUrl":"https:\/\/www.musagold.com\/wp-content\/uploads\/2025\/03\/gold-bulk-9999.png","width":1000,"height":1000},{"@type":"BreadcrumbList","@id":"https:\/\/www.musagold.com\/product\/musa-gold-bundle-10x0-1oz-pre-mining-gold\/#breadcrumb","itemListElement":[{"@type":"ListItem","position":1,"name":"Home","item":"https:\/\/www.musagold.com\/"},{"@type":"ListItem","position":2,"name":"Buy Musa Gold bullion pre-mined","item":"https:\/\/www.musagold.com\/buy-gold\/"},{"@type":"ListItem","position":3,"name":"10 Pack"}]},{"@type":"WebSite","@id":"https:\/\/www.musagold.com\/#website","url":"https:\/\/www.musagold.com\/","name":"Musa Gold","description":"Mine Your Own Gold","publisher":{"@id":"https:\/\/www.musagold.com\/#organization"},"potentialAction":[{"@type":"SearchAction","target":{"@type":"EntryPoint","urlTemplate":"https:\/\/www.musagold.com\/?s={search_term_string}"},"query-input":{"@type":"PropertyValueSpecification","valueRequired":true,"valueName":"search_term_string"}}],"inLanguage":"vi"},{"@type":"Organization","@id":"https:\/\/www.musagold.com\/#organization","name":"Musa Gold","url":"https:\/\/www.musagold.com\/","logo":{"@type":"ImageObject","inLanguage":"vi","@id":"https:\/\/www.musagold.com\/#\/schema\/logo\/image\/","url":"https:\/\/www.musagold.com\/wp-content\/uploads\/2025\/04\/MUSA-GOLD-LOGO-PNG_\u041c\u043e\u043d\u0442\u0430\u0436\u043d\u0430-\u043e\u0431\u043b\u0430\u0441\u0442\u044c-1-\u043a\u043e\u043f\u0456\u044f-36-e1743756768276.png","contentUrl":"https:\/\/www.musagold.com\/wp-content\/uploads\/2025\/04\/MUSA-GOLD-LOGO-PNG_\u041c\u043e\u043d\u0442\u0430\u0436\u043d\u0430-\u043e\u0431\u043b\u0430\u0441\u0442\u044c-1-\u043a\u043e\u043f\u0456\u044f-36-e1743756768276.png","width":744,"height":682,"caption":"Musa Gold"},"image":{"@id":"https:\/\/www.musagold.com\/#\/schema\/logo\/image\/"},"sameAs":["https:\/\/www.youtube.com\/@Musa-Gold","https:\/\/www.instagram.com\/musagoldcom\/","https:\/\/www.linkedin.com\/company\/musagold\/","https:\/\/t.me\/musagoldcom"]}]}},"_links":{"self":[{"href":"https:\/\/www.musagold.com\/vi\/wp-json\/wp\/v2\/product\/24490","targetHints":{"allow":["GET"]}}],"collection":[{"href":"https:\/\/www.musagold.com\/vi\/wp-json\/wp\/v2\/product"}],"about":[{"href":"https:\/\/www.musagold.com\/vi\/wp-json\/wp\/v2\/types\/product"}],"wp:featuredmedia":[{"embeddable":true,"href":"https:\/\/www.musagold.com\/vi\/wp-json\/wp\/v2\/media\/25334"}],"wp:attachment":[{"href":"https:\/\/www.musagold.com\/vi\/wp-json\/wp\/v2\/media?parent=24490"}],"wp:term":[{"taxonomy":"product_brand","embeddable":true,"href":"https:\/\/www.musagold.com\/vi\/wp-json\/wp\/v2\/product_brand?post=24490"},{"taxonomy":"product_cat","embeddable":true,"href":"https:\/\/www.musagold.com\/vi\/wp-json\/wp\/v2\/product_cat?post=24490"},{"taxonomy":"product_tag","embeddable":true,"href":"https:\/\/www.musagold.com\/vi\/wp-json\/wp\/v2\/product_tag?post=24490"}],"curies":[{"name":"wp","href":"https:\/\/api.w.org\/{rel}","templated":true}]}}