{"id":24410,"date":"2025-03-17T19:02:44","date_gmt":"2025-03-17T19:02:44","guid":{"rendered":"https:\/\/musagold.com\/?post_type=product&#038;p=24410"},"modified":"2025-11-25T13:05:21","modified_gmt":"2025-11-25T13:05:21","slug":"musa-gold-01-pack","status":"publish","type":"product","link":"https:\/\/www.musagold.com\/es\/product\/musa-gold-01-pack\/","title":{"rendered":"1 paquete"},"content":{"rendered":"<p>Con <strong>Musa Oro<\/strong>con el que tendr\u00e1 acceso anticipado al oro con descuento. Antes de que empiece la extracci\u00f3n, asegure su oro al precio de hoy:<\/p>\n<p>1 GRR = 0.1 oz for just US$80<br \/>\n10 GRRs = 1 oz for US$700<\/p>\n<p>Esa es tu <strong>oro asegurado<\/strong> con antelaci\u00f3n. Aproximadamente despu\u00e9s de que comience la miner\u00eda*, estar\u00e1 listo para su entrega.<\/p>\n<p><em>* Musa Gold notificar\u00e1 a todos los Compradores afectados esta Fecha Inicial de Producci\u00f3n a trav\u00e9s del back office del Comprador en la Plataforma, una vez recibido el pago completo.<\/em><\/p>\n<p>En <strong>producci\u00f3n<\/strong> begins, simply pay the balance, US$190 per GRR (US$1900 per ounce) and your gold will be delivered to you.<\/p>\n<p>Se le notificar\u00e1 el <strong>Fecha inicial de producci\u00f3n<\/strong> a trav\u00e9s de su back office seguro de Comprador en nuestra plataforma.<\/p>\n<p>Hasta que comience la extracci\u00f3n, no hay canje, ni gastos de entrega, ni pagos de saldo, s\u00f3lo la tranquilidad de saber que su oro est\u00e1 esperando.<\/p>","protected":false},"excerpt":{"rendered":"<p>0,1 onza (oz) de Oro 999,9 equivale a 1 GRRs<\/p>\n<p><strong>Pay $80 Now<\/strong><br \/>\n\u2022\u2060 \u2060Total Price $270<br \/>\n\u2022\u2060 \u2060Pay the Balance Price Later* $190<br \/>\n<em>* Musa Gold notificar\u00e1 a todos los Compradores afectados esta Fecha Inicial de Producci\u00f3n a trav\u00e9s del back office del Comprador en la Plataforma, una vez recibido el pago completo.<\/em><\/p>","protected":false},"featured_media":25333,"template":"","meta":{"_acf_changed":false},"product_brand":[],"product_cat":[50],"product_tag":[],"class_list":{"0":"post-24410","1":"product","2":"type-product","3":"status-publish","4":"has-post-thumbnail","6":"product_cat-gold-bullions","8":"first","9":"instock","10":"virtual","11":"purchasable","12":"product-type-simple"},"acf":[],"yoast_head":"<!-- This site is optimized with the Yoast SEO plugin v25.4 - https:\/\/yoast.com\/wordpress\/plugins\/seo\/ -->\n<title>1 Pack - Musa Gold<\/title>\n<meta name=\"robots\" content=\"index, follow, max-snippet:-1, max-image-preview:large, max-video-preview:-1\" \/>\n<link rel=\"canonical\" href=\"https:\/\/www.musagold.com\/es\/product\/musa-gold-01-pack\/\" \/>\n<meta property=\"og:locale\" content=\"es_ES\" \/>\n<meta property=\"og:type\" content=\"article\" \/>\n<meta property=\"og:title\" content=\"1 Pack - Musa Gold\" \/>\n<meta property=\"og:description\" content=\"0.1 ounce (oz) of 999.9 Gold equals 1 GRRs  Pay $80 Now \u2022\u2060 \u2060Total Price $270 \u2022\u2060 \u2060Pay the Balance Price Later* $190 *\u2060 \u2060Musa Gold will notify all affected Buyers of this Initial Production Date via the Buyer\u2019s back office on the Platform, once full payment is received\" \/>\n<meta property=\"og:url\" content=\"https:\/\/www.musagold.com\/es\/product\/musa-gold-01-pack\/\" \/>\n<meta property=\"og:site_name\" content=\"Musa Gold\" \/>\n<meta property=\"article:modified_time\" content=\"2025-11-25T13:05:21+00:00\" \/>\n<meta property=\"og:image\" content=\"https:\/\/www.musagold.com\/wp-content\/uploads\/2025\/04\/gold-single-transparent-9999.png\" \/>\n\t<meta property=\"og:image:width\" content=\"1000\" \/>\n\t<meta property=\"og:image:height\" content=\"1000\" \/>\n\t<meta property=\"og:image:type\" content=\"image\/png\" \/>\n<meta name=\"twitter:card\" content=\"summary_large_image\" \/>\n<meta name=\"twitter:label1\" content=\"Tiempo de lectura\" \/>\n\t<meta name=\"twitter:data1\" content=\"1 minuto\" \/>\n<script type=\"application\/ld+json\" class=\"yoast-schema-graph\">{\"@context\":\"https:\/\/schema.org\",\"@graph\":[{\"@type\":\"WebPage\",\"@id\":\"https:\/\/www.musagold.com\/product\/musa-gold-01-pack\/\",\"url\":\"https:\/\/www.musagold.com\/product\/musa-gold-01-pack\/\",\"name\":\"1 Pack - Musa Gold\",\"isPartOf\":{\"@id\":\"https:\/\/www.musagold.com\/#website\"},\"primaryImageOfPage\":{\"@id\":\"https:\/\/www.musagold.com\/product\/musa-gold-01-pack\/#primaryimage\"},\"image\":{\"@id\":\"https:\/\/www.musagold.com\/product\/musa-gold-01-pack\/#primaryimage\"},\"thumbnailUrl\":\"https:\/\/www.musagold.com\/wp-content\/uploads\/2025\/04\/gold-single-transparent-9999.png\",\"datePublished\":\"2025-03-17T19:02:44+00:00\",\"dateModified\":\"2025-11-25T13:05:21+00:00\",\"breadcrumb\":{\"@id\":\"https:\/\/www.musagold.com\/product\/musa-gold-01-pack\/#breadcrumb\"},\"inLanguage\":\"es\",\"potentialAction\":[{\"@type\":\"ReadAction\",\"target\":[\"https:\/\/www.musagold.com\/product\/musa-gold-01-pack\/\"]}]},{\"@type\":\"ImageObject\",\"inLanguage\":\"es\",\"@id\":\"https:\/\/www.musagold.com\/product\/musa-gold-01-pack\/#primaryimage\",\"url\":\"https:\/\/www.musagold.com\/wp-content\/uploads\/2025\/04\/gold-single-transparent-9999.png\",\"contentUrl\":\"https:\/\/www.musagold.com\/wp-content\/uploads\/2025\/04\/gold-single-transparent-9999.png\",\"width\":1000,\"height\":1000},{\"@type\":\"BreadcrumbList\",\"@id\":\"https:\/\/www.musagold.com\/product\/musa-gold-01-pack\/#breadcrumb\",\"itemListElement\":[{\"@type\":\"ListItem\",\"position\":1,\"name\":\"Home\",\"item\":\"https:\/\/www.musagold.com\/\"},{\"@type\":\"ListItem\",\"position\":2,\"name\":\"Buy Musa Gold bullion pre-mined\",\"item\":\"https:\/\/www.musagold.com\/buy-gold\/\"},{\"@type\":\"ListItem\",\"position\":3,\"name\":\"1 Pack\"}]},{\"@type\":\"WebSite\",\"@id\":\"https:\/\/www.musagold.com\/#website\",\"url\":\"https:\/\/www.musagold.com\/\",\"name\":\"Musa Gold\",\"description\":\"Mine Your Own Gold\",\"publisher\":{\"@id\":\"https:\/\/www.musagold.com\/#organization\"},\"potentialAction\":[{\"@type\":\"SearchAction\",\"target\":{\"@type\":\"EntryPoint\",\"urlTemplate\":\"https:\/\/www.musagold.com\/?s={search_term_string}\"},\"query-input\":{\"@type\":\"PropertyValueSpecification\",\"valueRequired\":true,\"valueName\":\"search_term_string\"}}],\"inLanguage\":\"es\"},{\"@type\":\"Organization\",\"@id\":\"https:\/\/www.musagold.com\/#organization\",\"name\":\"Musa Gold\",\"url\":\"https:\/\/www.musagold.com\/\",\"logo\":{\"@type\":\"ImageObject\",\"inLanguage\":\"es\",\"@id\":\"https:\/\/www.musagold.com\/#\/schema\/logo\/image\/\",\"url\":\"https:\/\/www.musagold.com\/wp-content\/uploads\/2025\/04\/MUSA-GOLD-LOGO-PNG_\u041c\u043e\u043d\u0442\u0430\u0436\u043d\u0430-\u043e\u0431\u043b\u0430\u0441\u0442\u044c-1-\u043a\u043e\u043f\u0456\u044f-36-e1743756768276.png\",\"contentUrl\":\"https:\/\/www.musagold.com\/wp-content\/uploads\/2025\/04\/MUSA-GOLD-LOGO-PNG_\u041c\u043e\u043d\u0442\u0430\u0436\u043d\u0430-\u043e\u0431\u043b\u0430\u0441\u0442\u044c-1-\u043a\u043e\u043f\u0456\u044f-36-e1743756768276.png\",\"width\":744,\"height\":682,\"caption\":\"Musa Gold\"},\"image\":{\"@id\":\"https:\/\/www.musagold.com\/#\/schema\/logo\/image\/\"},\"sameAs\":[\"https:\/\/www.youtube.com\/@Musa-Gold\",\"https:\/\/www.instagram.com\/musagoldcom\/\",\"https:\/\/www.linkedin.com\/company\/musagold\/\",\"https:\/\/t.me\/musagoldcom\"]}]}<\/script>\n<!-- \/ Yoast SEO plugin. -->","yoast_head_json":{"title":"1 Pack - Musa Gold","robots":{"index":"index","follow":"follow","max-snippet":"max-snippet:-1","max-image-preview":"max-image-preview:large","max-video-preview":"max-video-preview:-1"},"canonical":"https:\/\/www.musagold.com\/es\/product\/musa-gold-01-pack\/","og_locale":"es_ES","og_type":"article","og_title":"1 Pack - Musa Gold","og_description":"0.1 ounce (oz) of 999.9 Gold equals 1 GRRs  Pay $80 Now \u2022\u2060 \u2060Total Price $270 \u2022\u2060 \u2060Pay the Balance Price Later* $190 *\u2060 \u2060Musa Gold will notify all affected Buyers of this Initial Production Date via the Buyer\u2019s back office on the Platform, once full payment is received","og_url":"https:\/\/www.musagold.com\/es\/product\/musa-gold-01-pack\/","og_site_name":"Musa Gold","article_modified_time":"2025-11-25T13:05:21+00:00","og_image":[{"width":1000,"height":1000,"url":"https:\/\/www.musagold.com\/wp-content\/uploads\/2025\/04\/gold-single-transparent-9999.png","type":"image\/png"}],"twitter_card":"summary_large_image","twitter_misc":{"Tiempo de lectura":"1 minuto"},"schema":{"@context":"https:\/\/schema.org","@graph":[{"@type":"WebPage","@id":"https:\/\/www.musagold.com\/product\/musa-gold-01-pack\/","url":"https:\/\/www.musagold.com\/product\/musa-gold-01-pack\/","name":"1 Pack - Musa Gold","isPartOf":{"@id":"https:\/\/www.musagold.com\/#website"},"primaryImageOfPage":{"@id":"https:\/\/www.musagold.com\/product\/musa-gold-01-pack\/#primaryimage"},"image":{"@id":"https:\/\/www.musagold.com\/product\/musa-gold-01-pack\/#primaryimage"},"thumbnailUrl":"https:\/\/www.musagold.com\/wp-content\/uploads\/2025\/04\/gold-single-transparent-9999.png","datePublished":"2025-03-17T19:02:44+00:00","dateModified":"2025-11-25T13:05:21+00:00","breadcrumb":{"@id":"https:\/\/www.musagold.com\/product\/musa-gold-01-pack\/#breadcrumb"},"inLanguage":"es","potentialAction":[{"@type":"ReadAction","target":["https:\/\/www.musagold.com\/product\/musa-gold-01-pack\/"]}]},{"@type":"ImageObject","inLanguage":"es","@id":"https:\/\/www.musagold.com\/product\/musa-gold-01-pack\/#primaryimage","url":"https:\/\/www.musagold.com\/wp-content\/uploads\/2025\/04\/gold-single-transparent-9999.png","contentUrl":"https:\/\/www.musagold.com\/wp-content\/uploads\/2025\/04\/gold-single-transparent-9999.png","width":1000,"height":1000},{"@type":"BreadcrumbList","@id":"https:\/\/www.musagold.com\/product\/musa-gold-01-pack\/#breadcrumb","itemListElement":[{"@type":"ListItem","position":1,"name":"Home","item":"https:\/\/www.musagold.com\/"},{"@type":"ListItem","position":2,"name":"Buy Musa Gold bullion pre-mined","item":"https:\/\/www.musagold.com\/buy-gold\/"},{"@type":"ListItem","position":3,"name":"1 Pack"}]},{"@type":"WebSite","@id":"https:\/\/www.musagold.com\/#website","url":"https:\/\/www.musagold.com\/","name":"Musa Gold","description":"Mine Your Own Gold","publisher":{"@id":"https:\/\/www.musagold.com\/#organization"},"potentialAction":[{"@type":"SearchAction","target":{"@type":"EntryPoint","urlTemplate":"https:\/\/www.musagold.com\/?s={search_term_string}"},"query-input":{"@type":"PropertyValueSpecification","valueRequired":true,"valueName":"search_term_string"}}],"inLanguage":"es"},{"@type":"Organization","@id":"https:\/\/www.musagold.com\/#organization","name":"Musa Gold","url":"https:\/\/www.musagold.com\/","logo":{"@type":"ImageObject","inLanguage":"es","@id":"https:\/\/www.musagold.com\/#\/schema\/logo\/image\/","url":"https:\/\/www.musagold.com\/wp-content\/uploads\/2025\/04\/MUSA-GOLD-LOGO-PNG_\u041c\u043e\u043d\u0442\u0430\u0436\u043d\u0430-\u043e\u0431\u043b\u0430\u0441\u0442\u044c-1-\u043a\u043e\u043f\u0456\u044f-36-e1743756768276.png","contentUrl":"https:\/\/www.musagold.com\/wp-content\/uploads\/2025\/04\/MUSA-GOLD-LOGO-PNG_\u041c\u043e\u043d\u0442\u0430\u0436\u043d\u0430-\u043e\u0431\u043b\u0430\u0441\u0442\u044c-1-\u043a\u043e\u043f\u0456\u044f-36-e1743756768276.png","width":744,"height":682,"caption":"Musa Gold"},"image":{"@id":"https:\/\/www.musagold.com\/#\/schema\/logo\/image\/"},"sameAs":["https:\/\/www.youtube.com\/@Musa-Gold","https:\/\/www.instagram.com\/musagoldcom\/","https:\/\/www.linkedin.com\/company\/musagold\/","https:\/\/t.me\/musagoldcom"]}]}},"_links":{"self":[{"href":"https:\/\/www.musagold.com\/es\/wp-json\/wp\/v2\/product\/24410","targetHints":{"allow":["GET"]}}],"collection":[{"href":"https:\/\/www.musagold.com\/es\/wp-json\/wp\/v2\/product"}],"about":[{"href":"https:\/\/www.musagold.com\/es\/wp-json\/wp\/v2\/types\/product"}],"wp:featuredmedia":[{"embeddable":true,"href":"https:\/\/www.musagold.com\/es\/wp-json\/wp\/v2\/media\/25333"}],"wp:attachment":[{"href":"https:\/\/www.musagold.com\/es\/wp-json\/wp\/v2\/media?parent=24410"}],"wp:term":[{"taxonomy":"product_brand","embeddable":true,"href":"https:\/\/www.musagold.com\/es\/wp-json\/wp\/v2\/product_brand?post=24410"},{"taxonomy":"product_cat","embeddable":true,"href":"https:\/\/www.musagold.com\/es\/wp-json\/wp\/v2\/product_cat?post=24410"},{"taxonomy":"product_tag","embeddable":true,"href":"https:\/\/www.musagold.com\/es\/wp-json\/wp\/v2\/product_tag?post=24410"}],"curies":[{"name":"wp","href":"https:\/\/api.w.org\/{rel}","templated":true}]}}